{"id":295,"date":"2021-11-17T09:59:57","date_gmt":"2021-11-17T09:59:57","guid":{"rendered":"https:\/\/beta.tesnau-eutin.de\/?page_id=295"},"modified":"2023-02-08T18:45:05","modified_gmt":"2023-02-08T18:45:05","slug":"heizung","status":"publish","type":"page","link":"https:\/\/heizung-sanitaer-eutin.de\/?page_id=295","title":{"rendered":"Heizung"},"content":{"rendered":"\n  <div class=\"banner has-hover has-parallax\" id=\"banner-1312050436\">\n          <div class=\"banner-inner fill\">\n        <div class=\"banner-bg fill\" data-parallax=\"-3\" data-parallax-container=\".banner\" data-parallax-background>\n            <img loading=\"lazy\" decoding=\"async\" width=\"1020\" height=\"510\" src=\"https:\/\/heizung-sanitaer-eutin.de\/wp-content\/uploads\/2022\/12\/heizung_sanitaer_eutin_heizung_01-1400x700.jpg\" class=\"bg attachment-large size-large\" alt=\"\" \/>                        <div class=\"overlay\"><\/div>            \n                    <\/div>\n\t\t\n        <div class=\"banner-layers container\">\n            <div class=\"fill banner-link\"><\/div>            \n   <div id=\"text-box-641433116\" class=\"text-box banner-layer x0 md-x0 lg-x0 y15 md-y15 lg-y15 res-text\">\n                                <div class=\"text-box-content text dark\">\n              \n              <div class=\"text-inner text-center\">\n                  \n\t<div id=\"text-1336460886\" class=\"text\">\n\t\t\n<h1 class=\"lead\">EINE GUT GEPLANTE HEIZUNGSANLAGE<\/h1>\n<p class=\"lead\">Beratung zahlt sich aus, wenn Sie den Einbau einer neuen Heizung planen. Hierzu vereinbaren Sie einfach einen Termin in unserem Unternehmen. Oder noch besser \u2013 Ihr Heizungsinstallateur ist gleich dabei. Auf Basis baulicher Angaben \u00fcber Ihr Vorhaben finden wir dann gemeinsam die f\u00fcr Sie perfekte Heizungs-L\u00f6sung. Nat\u00fcrlich k\u00f6nnen wir Ihnen f\u00fcr den Heizungsbau auch den auf Ihr Vorhaben \u201czugeschnittenen\u201d Heizungsmonteur empfehlen.<\/p>\n\t\t\n<style>\n#text-1336460886 {\n  text-align: left;\n}\n<\/style>\n\t<\/div>\n\t\n              <\/div>\n           <\/div>\n                            \n<style>\n#text-box-641433116 {\n  width: 52%;\n}\n#text-box-641433116 .text-box-content {\n  font-size: 100%;\n}\n<\/style>\n    <\/div>\n \n        <\/div>\n      <\/div>\n\n            \n<style>\n#banner-1312050436 {\n  padding-top: 33.99%;\n}\n#banner-1312050436 .overlay {\n  background-color: rgba(0, 0, 0, 0.49);\n}\n<\/style>\n  <\/div>\n\n\n<div class=\"row\"  id=\"row-600064112\">\n\n\t<div id=\"col-1519884979\" class=\"col medium-6 small-12 large-6\"  >\n\t\t\t\t<div class=\"col-inner\"  >\n\t\t\t\n\t\t\t\n<h3>UNSER HINWEIS!<\/h3>\n<p>W\u00e4rmepumpe \u2013 die \u00f6kologische Alternative im Heizungsbau<br \/>Die W\u00e4rmepumpe funktioniert wie ein K\u00fchlschrank \u2013 nur umgekehrt. Sie entzieht der Umgebung W\u00e4rme, \u201epumpt\u201c sie auf ein h\u00f6heres Temperaturniveau und gibt sie dann an die Heizung und an das System zur Wassererw\u00e4rmung ab. Dabei kann die W\u00e4rmepumpe in jeder Jahreszeit auf ein enormes Energiepotenzial der Natur zur\u00fcckgreifen.<\/p>\n<p>Der Restenergieanteil von lediglich ca. 25 % des Gesamtenergiebedarfs wird \u2013 zum Betrieb der Anlage \u2013 durch spezielle W\u00e4rmepumpen \u2013Stromprodukte gedeckt. Den Rest liefert die Natur gratis.<br \/><strong>Das hei\u00dft:<\/strong> Ihre Verbrauchskosten sinken deutlich, Sie machen sich unabh\u00e4ngiger von steigenden Preisen f\u00fcr Energie und leisten einen aktiven Beitrag zur Reduzierung der CO2-Emissionen.<\/p>\n\t\t<\/div>\n\t\t\t\t\t<\/div>\n\n\t\n\n\t<div id=\"col-29032136\" class=\"col medium-6 small-12 large-6\"  >\n\t\t\t\t<div class=\"col-inner\"  >\n\t\t\t\n\t\t\t\n<h3>DIE WICHTIGSTEN HEIZUNGSARTEN IM VERGLEICH<\/h3>\n<p>Welche Heizungsarten gibt es und wie unterscheiden sie sich? Auf welche Besonderheiten muss man bei der Auswahl achten?<\/p>\n<p>Wer sich heute eine Heizungsanlage zulegen m\u00f6chte, sei es f\u00fcr einen Neubau oder im Sanierungsfall f\u00fcr ein Bestandsgeb\u00e4ude hat die Qual der Wahl: Es stehen verschiedene Heizungsarten zur Auswahl, die angefangen von den Klassikern wie der \u00d6l- und Gasheizung \u00fcber Stromheizung und Holzheizung bis hin zum Heizen mit Erdw\u00e4rme oder Solarthermie (Sonnenw\u00e4rme) reichen. Zwischen den einzelnen Heizungsarten gibt es gro\u00dfe Unterschiede bez\u00fcglich der Anschaffungskosten, der Brennstoffe, der Funktionsweise, des Einsatzzwecks und daraus resultierend der Energieeffizienz. Wir stellen Ihnen in diesem Artikel die g\u00e4ngigsten Heizungsarten vor und vergleichen diese, so dass Sie deren Vor- und Nachteile kennenlernen und eine Entscheidungshilfe bekommen, wenn die Frage zu beantworten ist: Welche Heizungsart soll ich kaufen?<\/p>\n\t\t<\/div>\n\t\t\t\t\t<\/div>\n\n\t\n\n<style>\n#row-600064112 > .col > .col-inner {\n  padding: 50px 0px 50px 0px;\n}\n<\/style>\n<\/div>\n<div class=\"row\"  id=\"row-1340663722\">\n\n\t<div id=\"col-1175058961\" class=\"col medium-7 small-12 large-7\"  >\n\t\t\t\t<div class=\"col-inner\"  >\n\t\t\t\n\t\t\t\n<h3>UNSERE ANGEBOTSPALETTE IN DIESEM BEREICH UMFASST:<\/h3>\n<ul>\n<li>Heizkessel f\u00fcr \u00d6l- und Gasfeuerung<\/li>\n<li>Holzheizkessel und Kamin\u00f6fen<\/li>\n<li>Solar<\/li>\n<li>W\u00e4rmepumpen<\/li>\n<li>Heizk\u00f6rper und Fu\u00dfbodenheizungen<\/li>\n<li>Wohnungsl\u00fcftungsger\u00e4te und Zentral-Staubsauganlagen<\/li>\n<li>Zubeh\u00f6r f\u00fcr Heizungsanlagen<br \/>Schornsteinverrohrung \/ Fertigschornsteine<\/li>\n<li>Gasheizung<\/li>\n<li>\u00d6lheizung<\/li>\n<li>Holzheizung<\/li>\n<li>Kamin<\/li>\n<li>Kaminofen<\/li>\n<li>Pelletheizung<\/li>\n<li>Solarthermie<\/li>\n<li>W\u00e4rmepumpe<\/li>\n<li>Elektroheizung<\/li>\n<li>Heizungstechnik<\/li>\n<li>Heizkessel<\/li>\n<li>Fu\u00dfbodenheizung<\/li>\n<li>Heizk\u00f6rper<\/li>\n<li>Pufferspeicher<\/li>\n<li>Warmwasserspeicher<\/li>\n<li>W\u00e4rmetauscher<\/li>\n<li>Schornstein<\/li>\n<li>Heizungssteuerung<\/li>\n<\/ul>\n<a href=\"https:\/\/heizung-sanitaer-eutin.de\/?page_id=88\" class=\"button primary\" >\n\t\t<span>Zum Kontaktformular<\/span>\n\t<\/a>\n\n\t\t<\/div>\n\t\t\t\t\t<\/div>\n\n\t\n\n\t<div id=\"col-1118468821\" class=\"col medium-5 small-12 large-5\"  >\n\t\t\t\t<div class=\"col-inner\"  >\n\t\t\t\n\t\t\t\n\t<div class=\"img has-hover x md-x lg-x y md-y lg-y\" id=\"image_832763150\">\n\t\t\t\t\t\t\t\t<div class=\"img-inner dark\" >\n\t\t\t<img loading=\"lazy\" decoding=\"async\" width=\"760\" height=\"530\" src=\"https:\/\/heizung-sanitaer-eutin.de\/wp-content\/uploads\/2023\/02\/heizung_testnau_02.jpg\" class=\"attachment-large size-large\" alt=\"\" srcset=\"https:\/\/heizung-sanitaer-eutin.de\/wp-content\/uploads\/2023\/02\/heizung_testnau_02.jpg 760w, https:\/\/heizung-sanitaer-eutin.de\/wp-content\/uploads\/2023\/02\/heizung_testnau_02-574x400.jpg 574w, https:\/\/heizung-sanitaer-eutin.de\/wp-content\/uploads\/2023\/02\/heizung_testnau_02-600x418.jpg 600w\" sizes=\"auto, (max-width: 760px) 100vw, 760px\" \/>\t\t\t\t\t\t\n\t\t\t\t\t<\/div>\n\t\t\t\t\t\t\t\t\n<style>\n#image_832763150 {\n  width: 100%;\n}\n<\/style>\n\t<\/div>\n\t\n\t<div class=\"img has-hover x md-x lg-x y md-y lg-y\" id=\"image_1657451188\">\n\t\t\t\t\t\t\t\t<div class=\"img-inner dark\" >\n\t\t\t<img loading=\"lazy\" decoding=\"async\" width=\"730\" height=\"530\" src=\"https:\/\/heizung-sanitaer-eutin.de\/wp-content\/uploads\/2023\/02\/heizung_testnau_01.jpg\" class=\"attachment-large size-large\" alt=\"\" srcset=\"https:\/\/heizung-sanitaer-eutin.de\/wp-content\/uploads\/2023\/02\/heizung_testnau_01.jpg 730w, https:\/\/heizung-sanitaer-eutin.de\/wp-content\/uploads\/2023\/02\/heizung_testnau_01-551x400.jpg 551w, https:\/\/heizung-sanitaer-eutin.de\/wp-content\/uploads\/2023\/02\/heizung_testnau_01-600x436.jpg 600w\" sizes=\"auto, (max-width: 730px) 100vw, 730px\" \/>\t\t\t\t\t\t\n\t\t\t\t\t<\/div>\n\t\t\t\t\t\t\t\t\n<style>\n#image_1657451188 {\n  width: 100%;\n}\n<\/style>\n\t<\/div>\n\t\n\t<div class=\"img has-hover x md-x lg-x y md-y lg-y\" id=\"image_1623497310\">\n\t\t\t\t\t\t\t\t<div class=\"img-inner dark\" >\n\t\t\t<img loading=\"lazy\" decoding=\"async\" width=\"760\" height=\"530\" src=\"https:\/\/heizung-sanitaer-eutin.de\/wp-content\/uploads\/2023\/02\/heizung_testnau_03.jpg\" class=\"attachment-large size-large\" alt=\"\" srcset=\"https:\/\/heizung-sanitaer-eutin.de\/wp-content\/uploads\/2023\/02\/heizung_testnau_03.jpg 760w, https:\/\/heizung-sanitaer-eutin.de\/wp-content\/uploads\/2023\/02\/heizung_testnau_03-574x400.jpg 574w, https:\/\/heizung-sanitaer-eutin.de\/wp-content\/uploads\/2023\/02\/heizung_testnau_03-600x418.jpg 600w\" sizes=\"auto, (max-width: 760px) 100vw, 760px\" \/>\t\t\t\t\t\t\n\t\t\t\t\t<\/div>\n\t\t\t\t\t\t\t\t\n<style>\n#image_1623497310 {\n  width: 100%;\n}\n<\/style>\n\t<\/div>\n\t\n\t\t<\/div>\n\t\t\t\t\t<\/div>\n\n\t\n\n<style>\n#row-1340663722 > .col > .col-inner {\n  padding: 0px 0px 50px 0px;\n}\n<\/style>\n<\/div>\n","protected":false},"excerpt":{"rendered":"","protected":false},"author":1,"featured_media":0,"parent":0,"menu_order":0,"comment_status":"closed","ping_status":"closed","template":"page-blank.php","meta":{"footnotes":""},"class_list":["post-295","page","type-page","status-publish","hentry"],"_links":{"self":[{"href":"https:\/\/heizung-sanitaer-eutin.de\/index.php?rest_route=\/wp\/v2\/pages\/295","targetHints":{"allow":["GET"]}}],"collection":[{"href":"https:\/\/heizung-sanitaer-eutin.de\/index.php?rest_route=\/wp\/v2\/pages"}],"about":[{"href":"https:\/\/heizung-sanitaer-eutin.de\/index.php?rest_route=\/wp\/v2\/types\/page"}],"author":[{"embeddable":true,"href":"https:\/\/heizung-sanitaer-eutin.de\/index.php?rest_route=\/wp\/v2\/users\/1"}],"replies":[{"embeddable":true,"href":"https:\/\/heizung-sanitaer-eutin.de\/index.php?rest_route=%2Fwp%2Fv2%2Fcomments&post=295"}],"version-history":[{"count":23,"href":"https:\/\/heizung-sanitaer-eutin.de\/index.php?rest_route=\/wp\/v2\/pages\/295\/revisions"}],"predecessor-version":[{"id":934,"href":"https:\/\/heizung-sanitaer-eutin.de\/index.php?rest_route=\/wp\/v2\/pages\/295\/revisions\/934"}],"wp:attachment":[{"href":"https:\/\/heizung-sanitaer-eutin.de\/index.php?rest_route=%2Fwp%2Fv2%2Fmedia&parent=295"}],"curies":[{"name":"wp","href":"https:\/\/api.w.org\/{rel}","templated":true}]}}